{"id":69,"date":"2020-02-13T14:18:56","date_gmt":"2020-02-13T19:18:56","guid":{"rendered":"https:\/\/sites.generatepress.com\/java\/?page_id=69"},"modified":"2020-02-13T14:18:56","modified_gmt":"2020-02-13T19:18:56","slug":"style-guide","status":"publish","type":"page","link":"https:\/\/webmediastuff.space\/java\/style-guide\/","title":{"rendered":"Style Guide"},"content":{"rendered":"\n<section>\n<div class=\"gb-element-f6960e4f\">\n<p class=\"gb-text gb-text-bf27aa9c\">Headlines \/\/ Oswald<\/p>\n\n\n\n<h1 class=\"gb-headline gb-headline-63cf29da gb-headline-text\">H1 Java is a GeneratePress site built for coffee shops, restaurants and caf\u00e9s<\/h1>\n\n\n\n<h2 class=\"gb-text gb-text-8acf9103\">H2 Java is a GeneratePress site built for coffee shops, restaurants and caf\u00e9s<\/h2>\n\n\n\n<h3 class=\"gb-text gb-text-6bee879f\">H3 Java is a GeneratePress site built for coffee shops, restaurants and caf\u00e9s<\/h3>\n\n\n\n<h4 class=\"gb-text gb-text-85aee0f8\">H4 Java is a GeneratePress site built for coffee shops, restaurants and caf\u00e9s<\/h4>\n\n\n\n<p class=\"gb-text gb-text-559cee51\">Body Text \/\/ Source Sans Pro<\/p>\n\n\n\n<p>Mollis pretium lorem primis senectus habitasse lectus scelerisque donec, ultricies tortor suspendisse adipiscing fusce morbi volutpat pellentesque, consectetur mi risus molestie curae malesuada cum. Dignissim lacus convallis massa mauris enim ad mattis magnis senectus montes, mollis taciti phasellus accumsan bibendum semper blandit suspendisse faucibus nibh est, metus lobortis morbi cras magna vivamus per risus fermentum. Dapibus imperdiet praesent magnis ridiculus congue gravida curabitur dictum sagittis, enim et magna sit inceptos sodales parturient pharetra mollis, aenean vel nostra.<\/p>\n\n\n\n<p>Vivamus integer non suscipit taciti mus etiam at primis tempor sagittis sit, euismod libero facilisi aptent elementum felis blandit cursus gravida sociis erat ante, eleifend lectus nullam dapibus netus feugiat curae curabitur est ad. Massa curae fringilla consectetur porttitor quam sollicitudin iaculis aptent leo ligula euismod dictumst, orci penatibus mauris eros etiam praesent erat volutpat posuere.<\/p>\n\n\n\n<p class=\"gb-text gb-text-df31827e\">Colors<\/p>\n\n\n\n<div class=\"gb-element-56b342ef\">\n<a class=\"gb-text gb-text-4e0f3f30\"><\/a>\n\n\n\n<a class=\"gb-text gb-text-b6562181\"><\/a>\n\n\n\n<a class=\"gb-text gb-text-f6d1da69\"><\/a>\n\n\n\n<a class=\"gb-text gb-text-8901b4f0\"><\/a>\n\n\n\n<a class=\"gb-text gb-text-1e5037fe\"><\/a>\n\n\n\n<a class=\"gb-text gb-text-8c09d22c\"><\/a>\n\n\n\n<a class=\"gb-text gb-text-7a4e06d5\"><\/a>\n\n\n\n<a class=\"gb-text gb-text-c7a77395\"><\/a>\n<\/div>\n\n\n\n<p class=\"gb-text gb-text-3c94020b\">Buttons<\/p>\n\n\n\n<div class=\"gb-element-dfdd67c0\">\n<a class=\"gb-text gb-text-2eb2576b\" href=\"https:\/\/sites.generatepress.com\/java\/menu\/\">Ghost Button<\/a>\n\n\n\n<a class=\"gb-text gb-text-2f1d7e69\" href=\"https:\/\/sites.generatepress.com\/java\/menu\/\">Underline Button<\/a>\n<\/div>\n<\/div>\n<\/section>\n","protected":false},"excerpt":{"rendered":"<p>Headlines \/\/ Oswald H1 Java is a GeneratePress site built for coffee shops, restaurants and caf\u00e9s H2 Java is a GeneratePress site built for coffee shops, restaurants and caf\u00e9s H3 Java is a GeneratePress site built for coffee shops, restaurants and caf\u00e9s H4 Java is a GeneratePress site built for coffee shops, restaurants and caf\u00e9s &#8230; <a title=\"Style Guide\" class=\"read-more\" href=\"https:\/\/webmediastuff.space\/java\/style-guide\/\" aria-label=\"Read more about Style Guide\">Read more<\/a><\/p>\n","protected":false},"author":1,"featured_media":0,"parent":0,"menu_order":0,"comment_status":"closed","ping_status":"closed","template":"","meta":{"footnotes":""},"class_list":["post-69","page","type-page","status-publish"],"_links":{"self":[{"href":"https:\/\/webmediastuff.space\/java\/wp-json\/wp\/v2\/pages\/69","targetHints":{"allow":["GET"]}}],"collection":[{"href":"https:\/\/webmediastuff.space\/java\/wp-json\/wp\/v2\/pages"}],"about":[{"href":"https:\/\/webmediastuff.space\/java\/wp-json\/wp\/v2\/types\/page"}],"author":[{"embeddable":true,"href":"https:\/\/webmediastuff.space\/java\/wp-json\/wp\/v2\/users\/1"}],"replies":[{"embeddable":true,"href":"https:\/\/webmediastuff.space\/java\/wp-json\/wp\/v2\/comments?post=69"}],"version-history":[{"count":0,"href":"https:\/\/webmediastuff.space\/java\/wp-json\/wp\/v2\/pages\/69\/revisions"}],"wp:attachment":[{"href":"https:\/\/webmediastuff.space\/java\/wp-json\/wp\/v2\/media?parent=69"}],"curies":[{"name":"wp","href":"https:\/\/api.w.org\/{rel}","templated":true}]}}